{"id":156,"date":"2020-09-25T11:47:14","date_gmt":"2020-09-25T14:47:14","guid":{"rendered":"https:\/\/utapy.link\/s\/?page_id=156"},"modified":"2021-06-24T11:47:13","modified_gmt":"2021-06-24T14:47:13","slug":"sobre-a-utapy","status":"publish","type":"page","link":"https:\/\/utapy.link\/s\/sobre-a-utapy\/","title":{"rendered":"Sobre n\u00f3s"},"content":{"rendered":"\n<p>Nosso prop\u00f3sito \u00e9 gerar e fidelizar clientes atrav\u00e9s da tecnologia, sem taxas pela gera\u00e7\u00e3o de neg\u00f3cios, mantendo um ecossistema sustent\u00e1vel para o com\u00e9rcio em ambiente digital.<\/p>\n\n\n\n<p>Somos uma startup que nasceu durante a crise do Covid-19 e, em menos de 6 meses, j\u00e1 estamos ajudando mais de +7 mil clientes a organizar seus canais de comunica\u00e7\u00e3o, ofertar produtos pela internet, realizar vendas \u00e0 dist\u00e2ncia e sem taxas pela plataforma, gerando maior receita para quem vende e mais economia para quem compra.<\/p>\n\n\n\n<p>Estamos em constante desenvolvimento e aprimoramento, por isso voc\u00ea pode nos dar seus feedback em nosso&nbsp;<a href=\"https:\/\/utapy.link\/s\/fale-conosco\/\">formul\u00e1rio de contato<\/a>.<\/p>\n\n\n\n<p>Somos uma iniciativa da&nbsp;<a rel=\"noreferrer noopener\" href=\"https:\/\/tempus.digital\/\" target=\"_blank\">Tempus.Digital<\/a>.<\/p>\n\n\n<div id=\"anim-69e3608c68cb4\" class=\"wpbdmv-animation align-center renderer-svg\" style=\"max-width: 70%; margin-right: auto; margin-left: auto;\"><\/div>\n","protected":false},"excerpt":{"rendered":"<p>Nosso prop\u00f3sito \u00e9 gerar e fidelizar clientes atrav\u00e9s da tecnologia, sem taxas pela gera\u00e7\u00e3o de neg\u00f3cios, mantendo um ecossistema sustent\u00e1vel para o com\u00e9rcio em ambiente digital. Somos uma startup que nasceu durante a crise do Covid-19 e, em menos de 6 meses, j\u00e1 estamos ajudando mais de +7 mil clientes a organizar seus canais de [&hellip;]<\/p>\n","protected":false},"author":4,"featured_media":0,"parent":0,"menu_order":0,"comment_status":"closed","ping_status":"closed","template":"","meta":[],"yoast_head":"<!-- This site is optimized with the Yoast SEO plugin v16.7 - https:\/\/yoast.com\/wordpress\/plugins\/seo\/ -->\r\n<title>Sobre n\u00f3s - Utapy<\/title>\r\n<meta name=\"robots\" content=\"index, follow, max-snippet:-1, max-image-preview:large, max-video-preview:-1\" \/>\r\n<link rel=\"canonical\" href=\"https:\/\/utapy.link\/s\/sobre-a-utapy\/\" \/>\r\n<meta property=\"og:locale\" content=\"pt_BR\" \/>\r\n<meta property=\"og:type\" content=\"article\" \/>\r\n<meta property=\"og:title\" content=\"Sobre n\u00f3s - Utapy\" \/>\r\n<meta property=\"og:description\" content=\"Nosso prop\u00f3sito \u00e9 gerar e fidelizar clientes atrav\u00e9s da tecnologia, sem taxas pela gera\u00e7\u00e3o de neg\u00f3cios, mantendo um ecossistema sustent\u00e1vel para o com\u00e9rcio em ambiente digital. Somos uma startup que nasceu durante a crise do Covid-19 e, em menos de 6 meses, j\u00e1 estamos ajudando mais de +7 mil clientes a organizar seus canais de [&hellip;]\" \/>\r\n<meta property=\"og:url\" content=\"https:\/\/utapy.link\/s\/sobre-a-utapy\/\" \/>\r\n<meta property=\"og:site_name\" content=\"Utapy\" \/>\r\n<meta property=\"article:publisher\" content=\"https:\/\/www.facebook.com\/utapy.link\/\" \/>\r\n<meta property=\"article:modified_time\" content=\"2021-06-24T14:47:13+00:00\" \/>\r\n<meta name=\"twitter:card\" content=\"summary_large_image\" \/>\r\n<meta name=\"twitter:label1\" content=\"Est. tempo de leitura\" \/>\n\t<meta name=\"twitter:data1\" content=\"1 minuto\" \/>\r\n<script type=\"application\/ld+json\" class=\"yoast-schema-graph\">{\"@context\":\"https:\/\/schema.org\",\"@graph\":[{\"@type\":\"WebSite\",\"@id\":\"https:\/\/utapy.link\/s\/#website\",\"url\":\"https:\/\/utapy.link\/s\/\",\"name\":\"Utapy\",\"description\":\"Todos os seus links em um \\u00fanico link na bio\",\"potentialAction\":[{\"@type\":\"SearchAction\",\"target\":{\"@type\":\"EntryPoint\",\"urlTemplate\":\"https:\/\/utapy.link\/s\/?s={search_term_string}\"},\"query-input\":\"required name=search_term_string\"}],\"inLanguage\":\"pt-BR\"},{\"@type\":\"WebPage\",\"@id\":\"https:\/\/utapy.link\/s\/sobre-a-utapy\/#webpage\",\"url\":\"https:\/\/utapy.link\/s\/sobre-a-utapy\/\",\"name\":\"Sobre n\\u00f3s - Utapy\",\"isPartOf\":{\"@id\":\"https:\/\/utapy.link\/s\/#website\"},\"datePublished\":\"2020-09-25T14:47:14+00:00\",\"dateModified\":\"2021-06-24T14:47:13+00:00\",\"breadcrumb\":{\"@id\":\"https:\/\/utapy.link\/s\/sobre-a-utapy\/#breadcrumb\"},\"inLanguage\":\"pt-BR\",\"potentialAction\":[{\"@type\":\"ReadAction\",\"target\":[\"https:\/\/utapy.link\/s\/sobre-a-utapy\/\"]}]},{\"@type\":\"BreadcrumbList\",\"@id\":\"https:\/\/utapy.link\/s\/sobre-a-utapy\/#breadcrumb\",\"itemListElement\":[{\"@type\":\"ListItem\",\"position\":1,\"name\":\"In\\u00edcio\",\"item\":\"https:\/\/utapy.link\/s\/\"},{\"@type\":\"ListItem\",\"position\":2,\"name\":\"Sobre n\\u00f3s\"}]}]}<\/script>\r\n<!-- \/ Yoast SEO plugin. -->","yoast_head_json":{"title":"Sobre n\u00f3s - Utapy","robots":{"index":"index","follow":"follow","max-snippet":"max-snippet:-1","max-image-preview":"max-image-preview:large","max-video-preview":"max-video-preview:-1"},"canonical":"https:\/\/utapy.link\/s\/sobre-a-utapy\/","og_locale":"pt_BR","og_type":"article","og_title":"Sobre n\u00f3s - Utapy","og_description":"Nosso prop\u00f3sito \u00e9 gerar e fidelizar clientes atrav\u00e9s da tecnologia, sem taxas pela gera\u00e7\u00e3o de neg\u00f3cios, mantendo um ecossistema sustent\u00e1vel para o com\u00e9rcio em ambiente digital. Somos uma startup que nasceu durante a crise do Covid-19 e, em menos de 6 meses, j\u00e1 estamos ajudando mais de +7 mil clientes a organizar seus canais de [&hellip;]","og_url":"https:\/\/utapy.link\/s\/sobre-a-utapy\/","og_site_name":"Utapy","article_publisher":"https:\/\/www.facebook.com\/utapy.link\/","article_modified_time":"2021-06-24T14:47:13+00:00","twitter_card":"summary_large_image","twitter_misc":{"Est. tempo de leitura":"1 minuto"},"schema":{"@context":"https:\/\/schema.org","@graph":[{"@type":"WebSite","@id":"https:\/\/utapy.link\/s\/#website","url":"https:\/\/utapy.link\/s\/","name":"Utapy","description":"Todos os seus links em um \u00fanico link na bio","potentialAction":[{"@type":"SearchAction","target":{"@type":"EntryPoint","urlTemplate":"https:\/\/utapy.link\/s\/?s={search_term_string}"},"query-input":"required name=search_term_string"}],"inLanguage":"pt-BR"},{"@type":"WebPage","@id":"https:\/\/utapy.link\/s\/sobre-a-utapy\/#webpage","url":"https:\/\/utapy.link\/s\/sobre-a-utapy\/","name":"Sobre n\u00f3s - Utapy","isPartOf":{"@id":"https:\/\/utapy.link\/s\/#website"},"datePublished":"2020-09-25T14:47:14+00:00","dateModified":"2021-06-24T14:47:13+00:00","breadcrumb":{"@id":"https:\/\/utapy.link\/s\/sobre-a-utapy\/#breadcrumb"},"inLanguage":"pt-BR","potentialAction":[{"@type":"ReadAction","target":["https:\/\/utapy.link\/s\/sobre-a-utapy\/"]}]},{"@type":"BreadcrumbList","@id":"https:\/\/utapy.link\/s\/sobre-a-utapy\/#breadcrumb","itemListElement":[{"@type":"ListItem","position":1,"name":"In\u00edcio","item":"https:\/\/utapy.link\/s\/"},{"@type":"ListItem","position":2,"name":"Sobre n\u00f3s"}]}]}},"_links":{"self":[{"href":"https:\/\/utapy.link\/s\/wp-json\/wp\/v2\/pages\/156"}],"collection":[{"href":"https:\/\/utapy.link\/s\/wp-json\/wp\/v2\/pages"}],"about":[{"href":"https:\/\/utapy.link\/s\/wp-json\/wp\/v2\/types\/page"}],"author":[{"embeddable":true,"href":"https:\/\/utapy.link\/s\/wp-json\/wp\/v2\/users\/4"}],"replies":[{"embeddable":true,"href":"https:\/\/utapy.link\/s\/wp-json\/wp\/v2\/comments?post=156"}],"version-history":[{"count":15,"href":"https:\/\/utapy.link\/s\/wp-json\/wp\/v2\/pages\/156\/revisions"}],"predecessor-version":[{"id":757,"href":"https:\/\/utapy.link\/s\/wp-json\/wp\/v2\/pages\/156\/revisions\/757"}],"wp:attachment":[{"href":"https:\/\/utapy.link\/s\/wp-json\/wp\/v2\/media?parent=156"}],"curies":[{"name":"wp","href":"https:\/\/api.w.org\/{rel}","templated":true}]}}