{"id":157,"date":"2020-09-25T11:47:02","date_gmt":"2020-09-25T14:47:02","guid":{"rendered":"https:\/\/utapy.link\/s\/?page_id=157"},"modified":"2021-07-16T16:52:09","modified_gmt":"2021-07-16T19:52:09","slug":"fale-conosco","status":"publish","type":"page","link":"https:\/\/utapy.link\/s\/fale-conosco\/","title":{"rendered":"Fale Conosco"},"content":{"rendered":"\n<div class=\"wp-block-columns\">\n<div class=\"wp-block-column\">\n<p class=\"has-text-align-left\"><strong>Precisa de ajuda? Tem d\u00favidas? Sugest\u00f5es? Parcerias?<\/strong><br>Deixe uma mensagem abaixo, ser\u00e1 um prazer atend\u00ea-lo.<\/p>\n\n\n<div role=\"form\" class=\"wpcf7\" id=\"wpcf7-f5-o1\" lang=\"pt-BR\" dir=\"ltr\">\n<div class=\"screen-reader-response\"><p role=\"status\" aria-live=\"polite\" aria-atomic=\"true\"><\/p> <ul><\/ul><\/div>\n<form action=\"\/s\/wp-json\/wp\/v2\/pages\/157#wpcf7-f5-o1\" method=\"post\" class=\"wpcf7-form init\" novalidate=\"novalidate\" data-status=\"init\">\n<div style=\"display: none;\">\n<input type=\"hidden\" name=\"_wpcf7\" value=\"5\" \/>\n<input type=\"hidden\" name=\"_wpcf7_version\" value=\"5.4.1\" \/>\n<input type=\"hidden\" name=\"_wpcf7_locale\" value=\"pt_BR\" \/>\n<input type=\"hidden\" name=\"_wpcf7_unit_tag\" value=\"wpcf7-f5-o1\" \/>\n<input type=\"hidden\" name=\"_wpcf7_container_post\" value=\"0\" \/>\n<input type=\"hidden\" name=\"_wpcf7_posted_data_hash\" value=\"\" \/>\n<\/div>\n<p><label class=\"form-obr\"><span class=\"wpcf7-form-control-wrap your-name\"><input type=\"text\" name=\"your-name\" value=\"\" size=\"40\" class=\"wpcf7-form-control wpcf7-text wpcf7-validates-as-required\" aria-required=\"true\" aria-invalid=\"false\" placeholder=\"Nome\" \/><\/span> <\/label><\/p>\n<p><label class=\"form-obr\"><span class=\"wpcf7-form-control-wrap your-email\"><input type=\"email\" name=\"your-email\" value=\"\" size=\"40\" class=\"wpcf7-form-control wpcf7-text wpcf7-email wpcf7-validates-as-required wpcf7-validates-as-email\" aria-required=\"true\" aria-invalid=\"false\" placeholder=\"E-mail\" \/><\/span> <\/label><\/p>\n<p><label class=\"form-obr\"><span class=\"wpcf7-form-control-wrap your-message\"><textarea name=\"your-message\" cols=\"40\" rows=\"10\" class=\"wpcf7-form-control wpcf7-textarea wpcf7-validates-as-required\" aria-required=\"true\" aria-invalid=\"false\" placeholder=\"Mensagem\"><\/textarea><\/span> <\/label><\/p>\n<p><input type=\"submit\" value=\"Enviar\" class=\"wpcf7-form-control wpcf7-submit button\" id=\"fale_conosco_enviar\" \/><\/p>\n<div class=\"wpcf7-response-output\" aria-hidden=\"true\"><\/div><\/form><\/div>\n\n\n\n<p><\/p>\n<\/div>\n\n\n\n<div class=\"wp-block-column\">\n<h3>Assist\u00eancia <br>e suporte<\/h3>\n\n\n\n<p><strong>Hor\u00e1rio de atendimento:<\/strong><br>Segunda a Sexta das 8:30 \u00e0s 17:00.<\/p>\n\n\n\n<p class=\"button solid has-white-color has-text-color\"><a href=\"javascript:Tawk_API.showWidget();Tawk_API.maximize();\">Abrir chat<\/a><\/p>\n<\/div>\n<\/div>\n\n\n<div id=\"anim-69e363d44b7a1\" class=\"wpbdmv-animation align-left renderer-svg\" style=\"max-width: 100%;\"><\/div>\n","protected":false},"excerpt":{"rendered":"<p>Precisa de ajuda? Tem d\u00favidas? Sugest\u00f5es? Parcerias?Deixe uma mensagem abaixo, ser\u00e1 um prazer atend\u00ea-lo. Assist\u00eancia e suporte Hor\u00e1rio de atendimento:Segunda a Sexta das 8:30 \u00e0s 17:00. Abrir chat<\/p>\n","protected":false},"author":4,"featured_media":0,"parent":0,"menu_order":0,"comment_status":"closed","ping_status":"closed","template":"","meta":[],"yoast_head":"<!-- This site is optimized with the Yoast SEO plugin v16.7 - https:\/\/yoast.com\/wordpress\/plugins\/seo\/ -->\r\n<title>Fale Conosco - Utapy<\/title>\r\n<meta name=\"description\" content=\"Fale com o time do Utapy sobre suas d\u00favidas, suportes, id\u00e9ias e parcerias.\" \/>\r\n<meta name=\"robots\" content=\"index, follow, max-snippet:-1, max-image-preview:large, max-video-preview:-1\" \/>\r\n<link rel=\"canonical\" href=\"https:\/\/utapy.link\/s\/fale-conosco\/\" \/>\r\n<meta property=\"og:locale\" content=\"pt_BR\" \/>\r\n<meta property=\"og:type\" content=\"article\" \/>\r\n<meta property=\"og:title\" content=\"Fale Conosco - Utapy\" \/>\r\n<meta property=\"og:description\" content=\"Fale com o time do Utapy sobre suas d\u00favidas, suportes, id\u00e9ias e parcerias.\" \/>\r\n<meta property=\"og:url\" content=\"https:\/\/utapy.link\/s\/fale-conosco\/\" \/>\r\n<meta property=\"og:site_name\" content=\"Utapy\" \/>\r\n<meta property=\"article:publisher\" content=\"https:\/\/www.facebook.com\/utapy.link\/\" \/>\r\n<meta property=\"article:modified_time\" content=\"2021-07-16T19:52:09+00:00\" \/>\r\n<meta property=\"og:image\" content=\"https:\/\/utapy.link\/s\/wp-content\/uploads\/home.png\" \/>\r\n\t<meta property=\"og:image:width\" content=\"1200\" \/>\r\n\t<meta property=\"og:image:height\" content=\"630\" \/>\r\n<meta name=\"twitter:card\" content=\"summary_large_image\" \/>\r\n<meta name=\"twitter:label1\" content=\"Est. tempo de leitura\" \/>\n\t<meta name=\"twitter:data1\" content=\"1 minuto\" \/>\r\n<script type=\"application\/ld+json\" class=\"yoast-schema-graph\">{\"@context\":\"https:\/\/schema.org\",\"@graph\":[{\"@type\":\"WebSite\",\"@id\":\"https:\/\/utapy.link\/s\/#website\",\"url\":\"https:\/\/utapy.link\/s\/\",\"name\":\"Utapy\",\"description\":\"Todos os seus links em um \\u00fanico link na bio\",\"potentialAction\":[{\"@type\":\"SearchAction\",\"target\":{\"@type\":\"EntryPoint\",\"urlTemplate\":\"https:\/\/utapy.link\/s\/?s={search_term_string}\"},\"query-input\":\"required name=search_term_string\"}],\"inLanguage\":\"pt-BR\"},{\"@type\":\"ImageObject\",\"@id\":\"https:\/\/utapy.link\/s\/fale-conosco\/#primaryimage\",\"inLanguage\":\"pt-BR\",\"url\":\"https:\/\/utapy.link\/s\/wp-content\/uploads\/home.png\",\"contentUrl\":\"https:\/\/utapy.link\/s\/wp-content\/uploads\/home.png\",\"width\":1200,\"height\":630},{\"@type\":\"WebPage\",\"@id\":\"https:\/\/utapy.link\/s\/fale-conosco\/#webpage\",\"url\":\"https:\/\/utapy.link\/s\/fale-conosco\/\",\"name\":\"Fale Conosco - Utapy\",\"isPartOf\":{\"@id\":\"https:\/\/utapy.link\/s\/#website\"},\"datePublished\":\"2020-09-25T14:47:02+00:00\",\"dateModified\":\"2021-07-16T19:52:09+00:00\",\"description\":\"Fale com o time do Utapy sobre suas d\\u00favidas, suportes, id\\u00e9ias e parcerias.\",\"breadcrumb\":{\"@id\":\"https:\/\/utapy.link\/s\/fale-conosco\/#breadcrumb\"},\"inLanguage\":\"pt-BR\",\"potentialAction\":[{\"@type\":\"ReadAction\",\"target\":[\"https:\/\/utapy.link\/s\/fale-conosco\/\"]}]},{\"@type\":\"BreadcrumbList\",\"@id\":\"https:\/\/utapy.link\/s\/fale-conosco\/#breadcrumb\",\"itemListElement\":[{\"@type\":\"ListItem\",\"position\":1,\"name\":\"In\\u00edcio\",\"item\":\"https:\/\/utapy.link\/s\/\"},{\"@type\":\"ListItem\",\"position\":2,\"name\":\"Fale Conosco\"}]}]}<\/script>\r\n<!-- \/ Yoast SEO plugin. -->","yoast_head_json":{"title":"Fale Conosco - Utapy","description":"Fale com o time do Utapy sobre suas d\u00favidas, suportes, id\u00e9ias e parcerias.","robots":{"index":"index","follow":"follow","max-snippet":"max-snippet:-1","max-image-preview":"max-image-preview:large","max-video-preview":"max-video-preview:-1"},"canonical":"https:\/\/utapy.link\/s\/fale-conosco\/","og_locale":"pt_BR","og_type":"article","og_title":"Fale Conosco - Utapy","og_description":"Fale com o time do Utapy sobre suas d\u00favidas, suportes, id\u00e9ias e parcerias.","og_url":"https:\/\/utapy.link\/s\/fale-conosco\/","og_site_name":"Utapy","article_publisher":"https:\/\/www.facebook.com\/utapy.link\/","article_modified_time":"2021-07-16T19:52:09+00:00","og_image":[{"width":1200,"height":630,"url":"https:\/\/utapy.link\/s\/wp-content\/uploads\/home.png","path":"D:\\home\\site\\wwwsite\/wp-content\/uploads\/home.png","size":"full","id":"688","alt":"","pixels":756000,"type":"image\/png"}],"twitter_card":"summary_large_image","twitter_misc":{"Est. tempo de leitura":"1 minuto"},"schema":{"@context":"https:\/\/schema.org","@graph":[{"@type":"WebSite","@id":"https:\/\/utapy.link\/s\/#website","url":"https:\/\/utapy.link\/s\/","name":"Utapy","description":"Todos os seus links em um \u00fanico link na bio","potentialAction":[{"@type":"SearchAction","target":{"@type":"EntryPoint","urlTemplate":"https:\/\/utapy.link\/s\/?s={search_term_string}"},"query-input":"required name=search_term_string"}],"inLanguage":"pt-BR"},{"@type":"ImageObject","@id":"https:\/\/utapy.link\/s\/fale-conosco\/#primaryimage","inLanguage":"pt-BR","url":"https:\/\/utapy.link\/s\/wp-content\/uploads\/home.png","contentUrl":"https:\/\/utapy.link\/s\/wp-content\/uploads\/home.png","width":1200,"height":630},{"@type":"WebPage","@id":"https:\/\/utapy.link\/s\/fale-conosco\/#webpage","url":"https:\/\/utapy.link\/s\/fale-conosco\/","name":"Fale Conosco - Utapy","isPartOf":{"@id":"https:\/\/utapy.link\/s\/#website"},"datePublished":"2020-09-25T14:47:02+00:00","dateModified":"2021-07-16T19:52:09+00:00","description":"Fale com o time do Utapy sobre suas d\u00favidas, suportes, id\u00e9ias e parcerias.","breadcrumb":{"@id":"https:\/\/utapy.link\/s\/fale-conosco\/#breadcrumb"},"inLanguage":"pt-BR","potentialAction":[{"@type":"ReadAction","target":["https:\/\/utapy.link\/s\/fale-conosco\/"]}]},{"@type":"BreadcrumbList","@id":"https:\/\/utapy.link\/s\/fale-conosco\/#breadcrumb","itemListElement":[{"@type":"ListItem","position":1,"name":"In\u00edcio","item":"https:\/\/utapy.link\/s\/"},{"@type":"ListItem","position":2,"name":"Fale Conosco"}]}]}},"_links":{"self":[{"href":"https:\/\/utapy.link\/s\/wp-json\/wp\/v2\/pages\/157"}],"collection":[{"href":"https:\/\/utapy.link\/s\/wp-json\/wp\/v2\/pages"}],"about":[{"href":"https:\/\/utapy.link\/s\/wp-json\/wp\/v2\/types\/page"}],"author":[{"embeddable":true,"href":"https:\/\/utapy.link\/s\/wp-json\/wp\/v2\/users\/4"}],"replies":[{"embeddable":true,"href":"https:\/\/utapy.link\/s\/wp-json\/wp\/v2\/comments?post=157"}],"version-history":[{"count":20,"href":"https:\/\/utapy.link\/s\/wp-json\/wp\/v2\/pages\/157\/revisions"}],"predecessor-version":[{"id":936,"href":"https:\/\/utapy.link\/s\/wp-json\/wp\/v2\/pages\/157\/revisions\/936"}],"wp:attachment":[{"href":"https:\/\/utapy.link\/s\/wp-json\/wp\/v2\/media?parent=157"}],"curies":[{"name":"wp","href":"https:\/\/api.w.org\/{rel}","templated":true}]}}