{"id":165,"date":"2020-09-25T11:47:17","date_gmt":"2020-09-25T14:47:17","guid":{"rendered":"https:\/\/utapy.link\/s\/?page_id=165"},"modified":"2021-06-24T11:46:39","modified_gmt":"2021-06-24T14:46:39","slug":"perguntas-frequentes","status":"publish","type":"page","link":"https:\/\/utapy.link\/s\/perguntas-frequentes\/","title":{"rendered":"Perguntas Frequentes"},"content":{"rendered":"\n<div style=\"height:50px\" aria-hidden=\"true\" class=\"wp-block-spacer\"><\/div>\n\n\n\n<div class=\"wp-block-columns\">\n<div class=\"wp-block-column\">\n<h3>Veja nossos tutoriais<\/h3>\n\n\n\n<p id=\"block-6e025a43-2c22-4684-a06b-3a0e19cd2310\">Confira o passo-a-passo de como criar sua p\u00e1gina ou seu cat\u00e1logo.<\/p>\n\n\n\n<p><a class=\"button solid gray\" href=\"https:\/\/utapy.link\/s\/tutoriais\/\" data-type=\"page\" data-id=\"167\">Assistir tutoriais<\/a><\/p>\n<\/div>\n\n\n\n<div class=\"wp-block-column\">\n<h3>Assist\u00eancia e suporte<\/h3>\n\n\n\n<p><strong>Hor\u00e1rio de atendimento:<\/strong><br>Segunda a Sexta das 8:00 \u00e0s 17:00.<\/p>\n\n\n\n<p><a class=\"button solid\" href=\"https:\/\/tawk.to\/chat\/5e87fac569e9320caac01d5e\/default\" target=\"_blank\" rel=\"noreferrer noopener\">Abrir chat<\/a><\/p>\n<\/div>\n<\/div>\n","protected":false},"excerpt":{"rendered":"<p>Veja nossos tutoriais Confira o passo-a-passo de como criar sua p\u00e1gina ou seu cat\u00e1logo. Assistir tutoriais Assist\u00eancia e suporte Hor\u00e1rio de atendimento:Segunda a Sexta das 8:00 \u00e0s 17:00. Abrir chat<\/p>\n","protected":false},"author":4,"featured_media":0,"parent":0,"menu_order":0,"comment_status":"closed","ping_status":"closed","template":"page-faq.php","meta":[],"yoast_head":"<!-- This site is optimized with the Yoast SEO plugin v16.7 - https:\/\/yoast.com\/wordpress\/plugins\/seo\/ -->\r\n<title>Perguntas Frequentes - Utapy<\/title>\r\n<meta name=\"description\" content=\"Confira as d\u00favidas mais comuns sobre o Utapy, se precisar ainda pode falar com nosso time de atendimento e suporte.\" \/>\r\n<meta name=\"robots\" content=\"index, follow, max-snippet:-1, max-image-preview:large, max-video-preview:-1\" \/>\r\n<link rel=\"canonical\" href=\"https:\/\/utapy.link\/s\/perguntas-frequentes\/\" \/>\r\n<meta property=\"og:locale\" content=\"pt_BR\" \/>\r\n<meta property=\"og:type\" content=\"article\" \/>\r\n<meta property=\"og:title\" content=\"Perguntas Frequentes - Utapy\" \/>\r\n<meta property=\"og:description\" content=\"Confira as d\u00favidas mais comuns sobre o Utapy, se precisar ainda pode falar com nosso time de atendimento e suporte.\" \/>\r\n<meta property=\"og:url\" content=\"https:\/\/utapy.link\/s\/perguntas-frequentes\/\" \/>\r\n<meta property=\"og:site_name\" content=\"Utapy\" \/>\r\n<meta property=\"article:publisher\" content=\"https:\/\/www.facebook.com\/utapy.link\/\" \/>\r\n<meta property=\"article:modified_time\" content=\"2021-06-24T14:46:39+00:00\" \/>\r\n<meta property=\"og:image\" content=\"https:\/\/utapy.link\/s\/wp-content\/uploads\/home.png\" \/>\r\n\t<meta property=\"og:image:width\" content=\"1200\" \/>\r\n\t<meta property=\"og:image:height\" content=\"630\" \/>\r\n<meta name=\"twitter:card\" content=\"summary_large_image\" \/>\r\n<meta name=\"twitter:label1\" content=\"Est. tempo de leitura\" \/>\n\t<meta name=\"twitter:data1\" content=\"1 minuto\" \/>\r\n<script type=\"application\/ld+json\" class=\"yoast-schema-graph\">{\"@context\":\"https:\/\/schema.org\",\"@graph\":[{\"@type\":\"WebSite\",\"@id\":\"https:\/\/utapy.link\/s\/#website\",\"url\":\"https:\/\/utapy.link\/s\/\",\"name\":\"Utapy\",\"description\":\"Todos os seus links em um \\u00fanico link na bio\",\"potentialAction\":[{\"@type\":\"SearchAction\",\"target\":{\"@type\":\"EntryPoint\",\"urlTemplate\":\"https:\/\/utapy.link\/s\/?s={search_term_string}\"},\"query-input\":\"required name=search_term_string\"}],\"inLanguage\":\"pt-BR\"},{\"@type\":\"ImageObject\",\"@id\":\"https:\/\/utapy.link\/s\/perguntas-frequentes\/#primaryimage\",\"inLanguage\":\"pt-BR\",\"url\":\"https:\/\/utapy.link\/s\/wp-content\/uploads\/home.png\",\"contentUrl\":\"https:\/\/utapy.link\/s\/wp-content\/uploads\/home.png\",\"width\":1200,\"height\":630},{\"@type\":\"WebPage\",\"@id\":\"https:\/\/utapy.link\/s\/perguntas-frequentes\/#webpage\",\"url\":\"https:\/\/utapy.link\/s\/perguntas-frequentes\/\",\"name\":\"Perguntas Frequentes - Utapy\",\"isPartOf\":{\"@id\":\"https:\/\/utapy.link\/s\/#website\"},\"datePublished\":\"2020-09-25T14:47:17+00:00\",\"dateModified\":\"2021-06-24T14:46:39+00:00\",\"description\":\"Confira as d\\u00favidas mais comuns sobre o Utapy, se precisar ainda pode falar com nosso time de atendimento e suporte.\",\"breadcrumb\":{\"@id\":\"https:\/\/utapy.link\/s\/perguntas-frequentes\/#breadcrumb\"},\"inLanguage\":\"pt-BR\",\"potentialAction\":[{\"@type\":\"ReadAction\",\"target\":[\"https:\/\/utapy.link\/s\/perguntas-frequentes\/\"]}]},{\"@type\":\"BreadcrumbList\",\"@id\":\"https:\/\/utapy.link\/s\/perguntas-frequentes\/#breadcrumb\",\"itemListElement\":[{\"@type\":\"ListItem\",\"position\":1,\"name\":\"In\\u00edcio\",\"item\":\"https:\/\/utapy.link\/s\/\"},{\"@type\":\"ListItem\",\"position\":2,\"name\":\"Perguntas Frequentes\"}]}]}<\/script>\r\n<!-- \/ Yoast SEO plugin. -->","yoast_head_json":{"title":"Perguntas Frequentes - Utapy","description":"Confira as d\u00favidas mais comuns sobre o Utapy, se precisar ainda pode falar com nosso time de atendimento e suporte.","robots":{"index":"index","follow":"follow","max-snippet":"max-snippet:-1","max-image-preview":"max-image-preview:large","max-video-preview":"max-video-preview:-1"},"canonical":"https:\/\/utapy.link\/s\/perguntas-frequentes\/","og_locale":"pt_BR","og_type":"article","og_title":"Perguntas Frequentes - Utapy","og_description":"Confira as d\u00favidas mais comuns sobre o Utapy, se precisar ainda pode falar com nosso time de atendimento e suporte.","og_url":"https:\/\/utapy.link\/s\/perguntas-frequentes\/","og_site_name":"Utapy","article_publisher":"https:\/\/www.facebook.com\/utapy.link\/","article_modified_time":"2021-06-24T14:46:39+00:00","og_image":[{"width":1200,"height":630,"url":"https:\/\/utapy.link\/s\/wp-content\/uploads\/home.png","path":"D:\\home\\site\\wwwsite\/wp-content\/uploads\/home.png","size":"full","id":"688","alt":"","pixels":756000,"type":"image\/png"}],"twitter_card":"summary_large_image","twitter_misc":{"Est. tempo de leitura":"1 minuto"},"schema":{"@context":"https:\/\/schema.org","@graph":[{"@type":"WebSite","@id":"https:\/\/utapy.link\/s\/#website","url":"https:\/\/utapy.link\/s\/","name":"Utapy","description":"Todos os seus links em um \u00fanico link na bio","potentialAction":[{"@type":"SearchAction","target":{"@type":"EntryPoint","urlTemplate":"https:\/\/utapy.link\/s\/?s={search_term_string}"},"query-input":"required name=search_term_string"}],"inLanguage":"pt-BR"},{"@type":"ImageObject","@id":"https:\/\/utapy.link\/s\/perguntas-frequentes\/#primaryimage","inLanguage":"pt-BR","url":"https:\/\/utapy.link\/s\/wp-content\/uploads\/home.png","contentUrl":"https:\/\/utapy.link\/s\/wp-content\/uploads\/home.png","width":1200,"height":630},{"@type":"WebPage","@id":"https:\/\/utapy.link\/s\/perguntas-frequentes\/#webpage","url":"https:\/\/utapy.link\/s\/perguntas-frequentes\/","name":"Perguntas Frequentes - Utapy","isPartOf":{"@id":"https:\/\/utapy.link\/s\/#website"},"datePublished":"2020-09-25T14:47:17+00:00","dateModified":"2021-06-24T14:46:39+00:00","description":"Confira as d\u00favidas mais comuns sobre o Utapy, se precisar ainda pode falar com nosso time de atendimento e suporte.","breadcrumb":{"@id":"https:\/\/utapy.link\/s\/perguntas-frequentes\/#breadcrumb"},"inLanguage":"pt-BR","potentialAction":[{"@type":"ReadAction","target":["https:\/\/utapy.link\/s\/perguntas-frequentes\/"]}]},{"@type":"BreadcrumbList","@id":"https:\/\/utapy.link\/s\/perguntas-frequentes\/#breadcrumb","itemListElement":[{"@type":"ListItem","position":1,"name":"In\u00edcio","item":"https:\/\/utapy.link\/s\/"},{"@type":"ListItem","position":2,"name":"Perguntas Frequentes"}]}]}},"_links":{"self":[{"href":"https:\/\/utapy.link\/s\/wp-json\/wp\/v2\/pages\/165"}],"collection":[{"href":"https:\/\/utapy.link\/s\/wp-json\/wp\/v2\/pages"}],"about":[{"href":"https:\/\/utapy.link\/s\/wp-json\/wp\/v2\/types\/page"}],"author":[{"embeddable":true,"href":"https:\/\/utapy.link\/s\/wp-json\/wp\/v2\/users\/4"}],"replies":[{"embeddable":true,"href":"https:\/\/utapy.link\/s\/wp-json\/wp\/v2\/comments?post=165"}],"version-history":[{"count":16,"href":"https:\/\/utapy.link\/s\/wp-json\/wp\/v2\/pages\/165\/revisions"}],"predecessor-version":[{"id":751,"href":"https:\/\/utapy.link\/s\/wp-json\/wp\/v2\/pages\/165\/revisions\/751"}],"wp:attachment":[{"href":"https:\/\/utapy.link\/s\/wp-json\/wp\/v2\/media?parent=165"}],"curies":[{"name":"wp","href":"https:\/\/api.w.org\/{rel}","templated":true}]}}