{"id":167,"date":"2020-09-25T11:47:31","date_gmt":"2020-09-25T14:47:31","guid":{"rendered":"https:\/\/utapy.link\/s\/?page_id=167"},"modified":"2021-06-24T11:58:27","modified_gmt":"2021-06-24T14:58:27","slug":"tutoriais","status":"publish","type":"page","link":"https:\/\/utapy.link\/s\/tutoriais\/","title":{"rendered":"Tutoriais"},"content":{"rendered":"\n<h3 class=\"color-red\">Como criar seus links e como inserir seu link na bio do seu Instagram<\/h3>\n\n\n\n<p>Neste primeiro tutorial, voc\u00ea ir\u00e1 aprender os recursos mais comuns para personalizar seu link, como criar os bot\u00f5es de a\u00e7\u00f5es e links, inserir conte\u00fados e textos direto na sua URL, al\u00e9m de aplicar o Seu Utapy direto no Instagram e obter seu QR Code.<\/p>\n\n\n\n<figure class=\"wp-block-embed is-type-video is-provider-youtube wp-block-embed-youtube wp-embed-aspect-16-9 wp-has-aspect-ratio\"><div class=\"wp-block-embed__wrapper\">\n<iframe title=\"Ulink - Tutorial b\u00e1sico - Como criar seus links e como inserir seu Ulink na bio do seu Instagram\" width=\"500\" height=\"281\" src=\"https:\/\/www.youtube.com\/embed\/9c4VImmU8Eg?feature=oembed\" frameborder=\"0\" allow=\"accelerometer; autoplay; clipboard-write; encrypted-media; gyroscope; picture-in-picture\" allowfullscreen><\/iframe>\n<\/div><\/figure>\n\n\n\n<p><\/p>\n\n\n\n<div style=\"height:60px\" aria-hidden=\"true\" class=\"wp-block-spacer\"><\/div>\n\n\n\n<h3 class=\"color-red\">Como criar seu Cat\u00e1logo de Produtos on-line<\/h3>\n\n\n\n<p>Neste v\u00eddeo, voc\u00ea ir\u00e1 aprender como criar seu cat\u00e1logo, inserir produtos, configurar hor\u00e1rios de funcionamento, pagamentos e o n\u00famero de WhatsApp para receber pedidos.<\/p>\n\n\n\n<figure class=\"wp-block-embed is-type-video is-provider-youtube wp-block-embed-youtube wp-embed-aspect-16-9 wp-has-aspect-ratio\"><div class=\"wp-block-embed__wrapper\">\n<iframe title=\"Ulink - Tutorial b\u00e1sico - Como criar seu Cat\u00e1logo de Produtos online\" width=\"500\" height=\"281\" src=\"https:\/\/www.youtube.com\/embed\/eDRvgeu84YE?start=97&#038;feature=oembed\" frameborder=\"0\" allow=\"accelerometer; autoplay; clipboard-write; encrypted-media; gyroscope; picture-in-picture\" allowfullscreen><\/iframe>\n<\/div><\/figure>\n\n\n\n<div style=\"height:60px\" aria-hidden=\"true\" class=\"wp-block-spacer\"><\/div>\n\n\n\n<h3 class=\"color-red\">Como configurar entrega e retirada<\/h3>\n\n\n\n<p><strong>Valor por dist\u00e2ncia<\/strong><\/p>\n\n\n\n<figure class=\"wp-block-embed is-type-video is-provider-youtube wp-block-embed-youtube wp-embed-aspect-16-9 wp-has-aspect-ratio\"><div class=\"wp-block-embed__wrapper\">\n<iframe title=\"TUTORIAL - [Entrega e Retirada] - Valor Por Dist\u00e2ncia\" width=\"500\" height=\"281\" src=\"https:\/\/www.youtube.com\/embed\/vBvp5pUZa1I?feature=oembed\" frameborder=\"0\" allow=\"accelerometer; autoplay; clipboard-write; encrypted-media; gyroscope; picture-in-picture\" allowfullscreen><\/iframe>\n<\/div><\/figure>\n\n\n\n<p><strong>Valor por Localidade (CEP, Cidade e\/ou Estado)<\/strong><\/p>\n\n\n\n<figure class=\"wp-block-embed is-type-video is-provider-youtube wp-block-embed-youtube wp-embed-aspect-16-9 wp-has-aspect-ratio\"><div class=\"wp-block-embed__wrapper\">\n<iframe title=\"TUTORIAL - [Entrega e Retirada] - por Estado, Cidade ou CEP\" width=\"500\" height=\"281\" src=\"https:\/\/www.youtube.com\/embed\/xpQvmJRbqYA?feature=oembed\" frameborder=\"0\" allow=\"accelerometer; autoplay; clipboard-write; encrypted-media; gyroscope; picture-in-picture\" allowfullscreen><\/iframe>\n<\/div><\/figure>\n\n\n\n<p><strong>Retirar na Loja<\/strong><\/p>\n\n\n\n<figure class=\"wp-block-embed is-type-video is-provider-youtube wp-block-embed-youtube wp-embed-aspect-16-9 wp-has-aspect-ratio\"><div class=\"wp-block-embed__wrapper\">\n<iframe title=\"TUTORIAL - [Entrega e Retirada] - Retirar na Loja\" width=\"500\" height=\"281\" src=\"https:\/\/www.youtube.com\/embed\/seXQRcxbe7o?feature=oembed\" frameborder=\"0\" allow=\"accelerometer; autoplay; clipboard-write; encrypted-media; gyroscope; picture-in-picture\" allowfullscreen><\/iframe>\n<\/div><\/figure>\n\n\n\n<div style=\"height:60px\" aria-hidden=\"true\" class=\"wp-block-spacer\"><\/div>\n\n\n\n<h3 class=\"color-red\">Ainda tem d\u00favidas?<\/h3>\n\n\n\n<p>Confira as perguntas mais frequentes sobre nossos servi\u00e7os.<\/p>\n\n\n\n<div class=\"wp-block-buttons\">\n<div class=\"wp-block-button\"><a class=\"wp-block-button__link has-background no-border-radius\" href=\"https:\/\/utapy.link\/s\/perguntas-frequentes\/\" style=\"background-color:#676767\">Perguntas Frequentes<\/a><\/div>\n<\/div>\n","protected":false},"excerpt":{"rendered":"<p>Como criar seus links e como inserir seu link na bio do seu Instagram Neste primeiro tutorial, voc\u00ea ir\u00e1 aprender os recursos mais comuns para personalizar seu link, como criar os bot\u00f5es de a\u00e7\u00f5es e links, inserir conte\u00fados e textos direto na sua URL, al\u00e9m de aplicar o Seu Utapy direto no Instagram e obter [&hellip;]<\/p>\n","protected":false},"author":4,"featured_media":0,"parent":0,"menu_order":0,"comment_status":"closed","ping_status":"closed","template":"","meta":[],"yoast_head":"<!-- This site is optimized with the Yoast SEO plugin v16.7 - https:\/\/yoast.com\/wordpress\/plugins\/seo\/ -->\r\n<title>Tutoriais para criar seu Utapy - Utapy<\/title>\r\n<meta name=\"description\" content=\"Aprenda a utilizar seu Utapy de forma r\u00e1pida com nossos tutoriais em v\u00eddeo. Crie sua p\u00e1gina ou seu cat\u00e1logo sem complica\u00e7\u00f5es.\" \/>\r\n<meta name=\"robots\" content=\"index, follow, max-snippet:-1, max-image-preview:large, max-video-preview:-1\" \/>\r\n<link rel=\"canonical\" href=\"https:\/\/utapy.link\/s\/tutoriais\/\" \/>\r\n<meta property=\"og:locale\" content=\"pt_BR\" \/>\r\n<meta property=\"og:type\" content=\"article\" \/>\r\n<meta property=\"og:title\" content=\"Tutoriais para criar seu Utapy - Utapy\" \/>\r\n<meta property=\"og:description\" content=\"Aprenda a utilizar seu Utapy de forma r\u00e1pida com nossos tutoriais em v\u00eddeo. Crie sua p\u00e1gina ou seu cat\u00e1logo sem complica\u00e7\u00f5es.\" \/>\r\n<meta property=\"og:url\" content=\"https:\/\/utapy.link\/s\/tutoriais\/\" \/>\r\n<meta property=\"og:site_name\" content=\"Utapy\" \/>\r\n<meta property=\"article:publisher\" content=\"https:\/\/www.facebook.com\/utapy.link\/\" \/>\r\n<meta property=\"article:modified_time\" content=\"2021-06-24T14:58:27+00:00\" \/>\r\n<meta property=\"og:image\" content=\"https:\/\/utapy.link\/s\/wp-content\/uploads\/home.png\" \/>\r\n\t<meta property=\"og:image:width\" content=\"1200\" \/>\r\n\t<meta property=\"og:image:height\" content=\"630\" \/>\r\n<meta name=\"twitter:card\" content=\"summary_large_image\" \/>\r\n<meta name=\"twitter:label1\" content=\"Est. tempo de leitura\" \/>\n\t<meta name=\"twitter:data1\" content=\"1 minuto\" \/>\r\n<script type=\"application\/ld+json\" class=\"yoast-schema-graph\">{\"@context\":\"https:\/\/schema.org\",\"@graph\":[{\"@type\":\"WebSite\",\"@id\":\"https:\/\/utapy.link\/s\/#website\",\"url\":\"https:\/\/utapy.link\/s\/\",\"name\":\"Utapy\",\"description\":\"Todos os seus links em um \\u00fanico link na bio\",\"potentialAction\":[{\"@type\":\"SearchAction\",\"target\":{\"@type\":\"EntryPoint\",\"urlTemplate\":\"https:\/\/utapy.link\/s\/?s={search_term_string}\"},\"query-input\":\"required name=search_term_string\"}],\"inLanguage\":\"pt-BR\"},{\"@type\":\"ImageObject\",\"@id\":\"https:\/\/utapy.link\/s\/tutoriais\/#primaryimage\",\"inLanguage\":\"pt-BR\",\"url\":\"https:\/\/utapy.link\/s\/wp-content\/uploads\/home.png\",\"contentUrl\":\"https:\/\/utapy.link\/s\/wp-content\/uploads\/home.png\",\"width\":1200,\"height\":630},{\"@type\":\"WebPage\",\"@id\":\"https:\/\/utapy.link\/s\/tutoriais\/#webpage\",\"url\":\"https:\/\/utapy.link\/s\/tutoriais\/\",\"name\":\"Tutoriais para criar seu Utapy - Utapy\",\"isPartOf\":{\"@id\":\"https:\/\/utapy.link\/s\/#website\"},\"datePublished\":\"2020-09-25T14:47:31+00:00\",\"dateModified\":\"2021-06-24T14:58:27+00:00\",\"description\":\"Aprenda a utilizar seu Utapy de forma r\\u00e1pida com nossos tutoriais em v\\u00eddeo. Crie sua p\\u00e1gina ou seu cat\\u00e1logo sem complica\\u00e7\\u00f5es.\",\"breadcrumb\":{\"@id\":\"https:\/\/utapy.link\/s\/tutoriais\/#breadcrumb\"},\"inLanguage\":\"pt-BR\",\"potentialAction\":[{\"@type\":\"ReadAction\",\"target\":[\"https:\/\/utapy.link\/s\/tutoriais\/\"]}]},{\"@type\":\"BreadcrumbList\",\"@id\":\"https:\/\/utapy.link\/s\/tutoriais\/#breadcrumb\",\"itemListElement\":[{\"@type\":\"ListItem\",\"position\":1,\"name\":\"In\\u00edcio\",\"item\":\"https:\/\/utapy.link\/s\/\"},{\"@type\":\"ListItem\",\"position\":2,\"name\":\"Tutoriais\"}]}]}<\/script>\r\n<!-- \/ Yoast SEO plugin. -->","yoast_head_json":{"title":"Tutoriais para criar seu Utapy - Utapy","description":"Aprenda a utilizar seu Utapy de forma r\u00e1pida com nossos tutoriais em v\u00eddeo. Crie sua p\u00e1gina ou seu cat\u00e1logo sem complica\u00e7\u00f5es.","robots":{"index":"index","follow":"follow","max-snippet":"max-snippet:-1","max-image-preview":"max-image-preview:large","max-video-preview":"max-video-preview:-1"},"canonical":"https:\/\/utapy.link\/s\/tutoriais\/","og_locale":"pt_BR","og_type":"article","og_title":"Tutoriais para criar seu Utapy - Utapy","og_description":"Aprenda a utilizar seu Utapy de forma r\u00e1pida com nossos tutoriais em v\u00eddeo. Crie sua p\u00e1gina ou seu cat\u00e1logo sem complica\u00e7\u00f5es.","og_url":"https:\/\/utapy.link\/s\/tutoriais\/","og_site_name":"Utapy","article_publisher":"https:\/\/www.facebook.com\/utapy.link\/","article_modified_time":"2021-06-24T14:58:27+00:00","og_image":[{"width":1200,"height":630,"url":"https:\/\/utapy.link\/s\/wp-content\/uploads\/home.png","path":"D:\\home\\site\\wwwsite\/wp-content\/uploads\/home.png","size":"full","id":"688","alt":"","pixels":756000,"type":"image\/png"}],"twitter_card":"summary_large_image","twitter_misc":{"Est. tempo de leitura":"1 minuto"},"schema":{"@context":"https:\/\/schema.org","@graph":[{"@type":"WebSite","@id":"https:\/\/utapy.link\/s\/#website","url":"https:\/\/utapy.link\/s\/","name":"Utapy","description":"Todos os seus links em um \u00fanico link na bio","potentialAction":[{"@type":"SearchAction","target":{"@type":"EntryPoint","urlTemplate":"https:\/\/utapy.link\/s\/?s={search_term_string}"},"query-input":"required name=search_term_string"}],"inLanguage":"pt-BR"},{"@type":"ImageObject","@id":"https:\/\/utapy.link\/s\/tutoriais\/#primaryimage","inLanguage":"pt-BR","url":"https:\/\/utapy.link\/s\/wp-content\/uploads\/home.png","contentUrl":"https:\/\/utapy.link\/s\/wp-content\/uploads\/home.png","width":1200,"height":630},{"@type":"WebPage","@id":"https:\/\/utapy.link\/s\/tutoriais\/#webpage","url":"https:\/\/utapy.link\/s\/tutoriais\/","name":"Tutoriais para criar seu Utapy - Utapy","isPartOf":{"@id":"https:\/\/utapy.link\/s\/#website"},"datePublished":"2020-09-25T14:47:31+00:00","dateModified":"2021-06-24T14:58:27+00:00","description":"Aprenda a utilizar seu Utapy de forma r\u00e1pida com nossos tutoriais em v\u00eddeo. Crie sua p\u00e1gina ou seu cat\u00e1logo sem complica\u00e7\u00f5es.","breadcrumb":{"@id":"https:\/\/utapy.link\/s\/tutoriais\/#breadcrumb"},"inLanguage":"pt-BR","potentialAction":[{"@type":"ReadAction","target":["https:\/\/utapy.link\/s\/tutoriais\/"]}]},{"@type":"BreadcrumbList","@id":"https:\/\/utapy.link\/s\/tutoriais\/#breadcrumb","itemListElement":[{"@type":"ListItem","position":1,"name":"In\u00edcio","item":"https:\/\/utapy.link\/s\/"},{"@type":"ListItem","position":2,"name":"Tutoriais"}]}]}},"_links":{"self":[{"href":"https:\/\/utapy.link\/s\/wp-json\/wp\/v2\/pages\/167"}],"collection":[{"href":"https:\/\/utapy.link\/s\/wp-json\/wp\/v2\/pages"}],"about":[{"href":"https:\/\/utapy.link\/s\/wp-json\/wp\/v2\/types\/page"}],"author":[{"embeddable":true,"href":"https:\/\/utapy.link\/s\/wp-json\/wp\/v2\/users\/4"}],"replies":[{"embeddable":true,"href":"https:\/\/utapy.link\/s\/wp-json\/wp\/v2\/comments?post=167"}],"version-history":[{"count":15,"href":"https:\/\/utapy.link\/s\/wp-json\/wp\/v2\/pages\/167\/revisions"}],"predecessor-version":[{"id":917,"href":"https:\/\/utapy.link\/s\/wp-json\/wp\/v2\/pages\/167\/revisions\/917"}],"wp:attachment":[{"href":"https:\/\/utapy.link\/s\/wp-json\/wp\/v2\/media?parent=167"}],"curies":[{"name":"wp","href":"https:\/\/api.w.org\/{rel}","templated":true}]}}