{"id":3,"date":"2020-09-24T15:18:07","date_gmt":"2020-09-24T18:18:07","guid":{"rendered":"https:\/\/utapy.link\/s\/?page_id=3"},"modified":"2021-06-24T12:04:03","modified_gmt":"2021-06-24T15:04:03","slug":"politica-de-privacidade","status":"publish","type":"page","link":"https:\/\/utapy.link\/s\/politica-de-privacidade\/","title":{"rendered":"Pol\u00edtica de privacidade"},"content":{"rendered":"\n<p>A Tempus Digital Ltda., pessoa jur\u00eddica de direito privado inscrita no MF sob o CNPJ n\u00ba. 24.364.557\/0001-70 (a \u201cTempus\u201d), atenta e preocupada com a privacidade dos Usu\u00e1rios do servi\u00e7o Utapy (o \u201cUtapy\u201d), visa proteger as informa\u00e7\u00f5es pessoais aqui fornecidas e utiliz\u00e1-las conforme disposto na legisla\u00e7\u00e3o aplic\u00e1vel.<\/p>\n\n\n\n<p>Esta Pol\u00edtica de Privacidade informa as condi\u00e7\u00f5es para acesso e uso do site Utapy bem como, esclarece o compromisso com rela\u00e7\u00e3o \u00e0 prote\u00e7\u00e3o dos dados solicitados no preenchimento do cadastro.<\/p>\n\n\n\n<p>1. O Utapy coleta informa\u00e7\u00f5es de diversas formas, em diferentes \u00e1reas do portal, com o intuito de fornecer melhores servi\u00e7os a todos os nossos usu\u00e1rios.<\/p>\n\n\n\n<p>2. As informa\u00e7\u00f5es coletadas s\u00e3o identificadas de duas formas: (i) t\u00e9cnicas, as quais consistem em informa\u00e7\u00f5es de uso t\u00e9cnico e agregado, como atividades de \u2018fluxo de cliques\u2019 nos servi\u00e7os, mapas de calor e rolagem da sess\u00e3o de visitantes e usu\u00e1rios, informa\u00e7\u00f5es do dispositivo, sistema operacional, navegador de internet, idioma, provedor de servi\u00e7os de internet, p\u00e1ginas de encaminhamentos\/sa\u00edda, entre outros; e (ii) pessoais, as quais o pr\u00f3prio Usu\u00e1rio ou visitante fornece ao Utapy, tais como: nome, telefones, e-mails, modo de faturamento, endere\u00e7o f\u00edsico de cobran\u00e7a \u2013 em casos de usu\u00e1rios de servi\u00e7os pagos, endere\u00e7o de IP, localiza\u00e7\u00e3o geogr\u00e1fica, detalhes sobre contas conectadas de terceiros, documentos de identifica\u00e7\u00e3o (RG, CPF, CNH, passaporte, n\u00famero de registro de empresa), etc.<\/p>\n\n\n\n<p>3. Para que o Utapy possa atingir o seu objetivo de oferecer um servi\u00e7o personalizado, o usu\u00e1rio dever\u00e1 fornecer informa\u00e7\u00f5es precisas, verdadeiras e completas e, ainda, manter atualizadas suas informa\u00e7\u00f5es.<\/p>\n\n\n\n<p>4. O Usu\u00e1rio ser\u00e1 respons\u00e1vel pelo uso indevido ou n\u00e3o-autorizado de informa\u00e7\u00f5es ou dados de terceiros, sendo vedada tal pr\u00e1tica. Neste caso, a Tempus poder\u00e1 suspender ou remover a conta do Usu\u00e1rio que n\u00e3o seguir as pol\u00edticas de privacidade aqui estipuladas, bem como os termos de uso.<\/p>\n\n\n\n<p>5. \u00c9 proibido o cadastro de pessoas menores de 18 (dezoito) anos de idade. Nenhuma pessoa com menos de 18 (dezoito) anos dever\u00e1 fornecer quaisquer Informa\u00e7\u00f5es Pessoais a n\u00f3s atrav\u00e9s de qualquer de nossos Servi\u00e7os. N\u00e3o coletamos intencionalmente Informa\u00e7\u00f5es Pessoais de pessoas com menos de 18 (dezoito) anos de idade. Pais e respons\u00e1veis devem sempre supervisionar as atividades de seus filhos.<\/p>\n\n\n\n<p>6. As informa\u00e7\u00f5es coletadas ser\u00e3o utilizadas para personalizar e aprimorar o conte\u00fado e\/ou servi\u00e7os disponibilizados. Isso inclui servi\u00e7os de personaliza\u00e7\u00e3o, informa\u00e7\u00e3o aos usu\u00e1rios sobre produtos oferecidos, promo\u00e7\u00f5es, eventos, novidades e outros, preservando a intimidade da vida privada, a honra e a imagem das partes direta e indiretamente envolvidas.<\/p>\n\n\n\n<p>7. Ao se registrar, o usu\u00e1rio receber\u00e1 mensagens, via e-mail, SMS ou, liga\u00e7\u00f5es telef\u00f4nicas sobre produtos e servi\u00e7os que possam interess\u00e1-los referentes ao Utapy ou outros servi\u00e7os fornecidos pela Tempus.<\/p>\n\n\n\n<p>8. Esse Portal utiliza arquivos Cookies, os quais s\u00e3o arquivos de texto de tamanho reduzido, enviados e armazenados em seu computador, a fim de reconhecer, armazenar e acompanhar a navega\u00e7\u00e3o do usu\u00e1rio na internet. O uso de tais arquivos possibilita o fornecimento de um servi\u00e7o personalizado, de acordo com as caracter\u00edsticas do usu\u00e1rio.<\/p>\n\n\n\n<p>9. O usu\u00e1rio poder\u00e1 modificar suas prefer\u00eancias em rela\u00e7\u00e3o aos Cookies (consultar instru\u00e7\u00f5es de seu navegador), podendo optar se ir\u00e1 utilizar ou n\u00e3o tais arquivos. Caso o usu\u00e1rio opte, em seu navegador, em n\u00e3o utilizar Cookies, este n\u00e3o poder\u00e1 usufruir de todos os benef\u00edcios decorrentes de um servi\u00e7o personalizado.<\/p>\n\n\n\n<p>10. As informa\u00e7\u00f5es pessoais individuais, necess\u00e1rias para utiliza\u00e7\u00e3o do Utapy ser\u00e3o utilizadas apenas pela Tempus, de maneira que n\u00e3o ser\u00e3o comercializadas ou fornecidas a terceiros em nenhuma hip\u00f3tese, salvo em estrito cumprimento de ordens judiciais ou procedimentos jur\u00eddicos similares, nos moldes da Lei n\u00ba. 12.965 de 23 de abril de 2014 (Marco Civil da Internet).<\/p>\n\n\n\n<p>11. O Usu\u00e1rio concorda e aceita que a Tempus realize a guarda dos registros de acesso a outras aplica\u00e7\u00f5es de internet, respeitado o disposto no art. 7\u00ba da Lei n\u00ba. 12.965 de 23 de abril de 2014 (Marco Civil da Internet).<\/p>\n\n\n\n<p>12. Em alguns casos ser\u00e1 necess\u00e1ria a divulga\u00e7\u00e3o de informa\u00e7\u00f5es que possa identific\u00e1-lo, como a divulga\u00e7\u00e3o de resultado de promo\u00e7\u00f5es, aquisi\u00e7\u00e3o de produtos ou servi\u00e7os, os quais necessitem de suas informa\u00e7\u00f5es pessoais para entrega.<\/p>\n\n\n\n<p>13. A seguran\u00e7a de dados pessoais do usu\u00e1rio \u00e9 importante para o Utapy e para a Tempus. O Portal utiliza as melhores pr\u00e1ticas dispon\u00edveis no mercado para proteger as informa\u00e7\u00f5es pessoais enviadas, tanto durante a transmiss\u00e3o de dados quanto ap\u00f3s o recebimento.<\/p>\n\n\n\n<p>14. Este site cont\u00e9m links para outros sites. A Tempus n\u00e3o se responsabiliza pelos sistemas de privacidade de outros sites. Os usu\u00e1rios do Utapy devem ser cautelosos ao sa\u00edrem do site e, \u00e9 recomendado que leiam os termos de uso de qualquer website que coletem informa\u00e7\u00f5es pessoais identific\u00e1veis. Estas pol\u00edticas de privacidade se aplicam apenas para informa\u00e7\u00f5es recebidas pelo Utapy.<\/p>\n\n\n\n<p>15. Pertence a Tempus toda propriedade intelectual sobre este portal, incluindo layout, design, telas, gr\u00e1ficos, templates, conte\u00fado, software, base de dados e outros.<\/p>\n\n\n\n<p>16. Todas as marcas registradas e qualquer outra designa\u00e7\u00e3o exclusiva do Utapy pertencem apenas a Tempus.<\/p>\n\n\n\n<p>17. \u00c9 proibida, sem a pr\u00e9via autoriza\u00e7\u00e3o expressa e espec\u00edfica da Tempus, a reprodu\u00e7\u00e3o de qualquer material, entendendo-se por reprodu\u00e7\u00e3o todas as formas de c\u00f3pia e\/ou distribui\u00e7\u00e3o.<\/p>\n\n\n\n<p>18. Caso haja qualquer d\u00favida ou sugest\u00e3o sobre esta Pol\u00edtica de Privacidade ou sobre os servi\u00e7os prestados, entre em contato atrav\u00e9s do nosso e-mail.<\/p>\n\n\n\n<p>19. A Tempus poder\u00e1 alterar esta Pol\u00edtica de Uso e Contrato a qualquer momento.<\/p>\n","protected":false},"excerpt":{"rendered":"<p>A Tempus Digital Ltda., pessoa jur\u00eddica de direito privado inscrita no MF sob o CNPJ n\u00ba. 24.364.557\/0001-70 (a \u201cTempus\u201d), atenta e preocupada com a privacidade dos Usu\u00e1rios do servi\u00e7o Utapy (o \u201cUtapy\u201d), visa proteger as informa\u00e7\u00f5es pessoais aqui fornecidas e utiliz\u00e1-las conforme disposto na legisla\u00e7\u00e3o aplic\u00e1vel. Esta Pol\u00edtica de Privacidade informa as condi\u00e7\u00f5es para acesso [&hellip;]<\/p>\n","protected":false},"author":4,"featured_media":0,"parent":0,"menu_order":0,"comment_status":"closed","ping_status":"open","template":"","meta":[],"yoast_head":"<!-- This site is optimized with the Yoast SEO plugin v16.7 - https:\/\/yoast.com\/wordpress\/plugins\/seo\/ -->\r\n<title>Pol\u00edtica de privacidade - Utapy<\/title>\r\n<meta name=\"robots\" content=\"index, follow, max-snippet:-1, max-image-preview:large, max-video-preview:-1\" \/>\r\n<link rel=\"canonical\" href=\"https:\/\/utapy.link\/s\/politica-de-privacidade\/\" \/>\r\n<meta property=\"og:locale\" content=\"pt_BR\" \/>\r\n<meta property=\"og:type\" content=\"article\" \/>\r\n<meta property=\"og:title\" content=\"Pol\u00edtica de privacidade - Utapy\" \/>\r\n<meta property=\"og:description\" content=\"A Tempus Digital Ltda., pessoa jur\u00eddica de direito privado inscrita no MF sob o CNPJ n\u00ba. 24.364.557\/0001-70 (a \u201cTempus\u201d), atenta e preocupada com a privacidade dos Usu\u00e1rios do servi\u00e7o Utapy (o \u201cUtapy\u201d), visa proteger as informa\u00e7\u00f5es pessoais aqui fornecidas e utiliz\u00e1-las conforme disposto na legisla\u00e7\u00e3o aplic\u00e1vel. Esta Pol\u00edtica de Privacidade informa as condi\u00e7\u00f5es para acesso [&hellip;]\" \/>\r\n<meta property=\"og:url\" content=\"https:\/\/utapy.link\/s\/politica-de-privacidade\/\" \/>\r\n<meta property=\"og:site_name\" content=\"Utapy\" \/>\r\n<meta property=\"article:publisher\" content=\"https:\/\/www.facebook.com\/utapy.link\/\" \/>\r\n<meta property=\"article:modified_time\" content=\"2021-06-24T15:04:03+00:00\" \/>\r\n<meta name=\"twitter:card\" content=\"summary_large_image\" \/>\r\n<meta name=\"twitter:label1\" content=\"Est. tempo de leitura\" \/>\n\t<meta name=\"twitter:data1\" content=\"4 minutos\" \/>\r\n<script type=\"application\/ld+json\" class=\"yoast-schema-graph\">{\"@context\":\"https:\/\/schema.org\",\"@graph\":[{\"@type\":\"WebSite\",\"@id\":\"https:\/\/utapy.link\/s\/#website\",\"url\":\"https:\/\/utapy.link\/s\/\",\"name\":\"Utapy\",\"description\":\"Todos os seus links em um \\u00fanico link na bio\",\"potentialAction\":[{\"@type\":\"SearchAction\",\"target\":{\"@type\":\"EntryPoint\",\"urlTemplate\":\"https:\/\/utapy.link\/s\/?s={search_term_string}\"},\"query-input\":\"required name=search_term_string\"}],\"inLanguage\":\"pt-BR\"},{\"@type\":\"WebPage\",\"@id\":\"https:\/\/utapy.link\/s\/politica-de-privacidade\/#webpage\",\"url\":\"https:\/\/utapy.link\/s\/politica-de-privacidade\/\",\"name\":\"Pol\\u00edtica de privacidade - Utapy\",\"isPartOf\":{\"@id\":\"https:\/\/utapy.link\/s\/#website\"},\"datePublished\":\"2020-09-24T18:18:07+00:00\",\"dateModified\":\"2021-06-24T15:04:03+00:00\",\"breadcrumb\":{\"@id\":\"https:\/\/utapy.link\/s\/politica-de-privacidade\/#breadcrumb\"},\"inLanguage\":\"pt-BR\",\"potentialAction\":[{\"@type\":\"ReadAction\",\"target\":[\"https:\/\/utapy.link\/s\/politica-de-privacidade\/\"]}]},{\"@type\":\"BreadcrumbList\",\"@id\":\"https:\/\/utapy.link\/s\/politica-de-privacidade\/#breadcrumb\",\"itemListElement\":[{\"@type\":\"ListItem\",\"position\":1,\"name\":\"In\\u00edcio\",\"item\":\"https:\/\/utapy.link\/s\/\"},{\"@type\":\"ListItem\",\"position\":2,\"name\":\"Pol\\u00edtica de privacidade\"}]}]}<\/script>\r\n<!-- \/ Yoast SEO plugin. -->","yoast_head_json":{"title":"Pol\u00edtica de privacidade - Utapy","robots":{"index":"index","follow":"follow","max-snippet":"max-snippet:-1","max-image-preview":"max-image-preview:large","max-video-preview":"max-video-preview:-1"},"canonical":"https:\/\/utapy.link\/s\/politica-de-privacidade\/","og_locale":"pt_BR","og_type":"article","og_title":"Pol\u00edtica de privacidade - Utapy","og_description":"A Tempus Digital Ltda., pessoa jur\u00eddica de direito privado inscrita no MF sob o CNPJ n\u00ba. 24.364.557\/0001-70 (a \u201cTempus\u201d), atenta e preocupada com a privacidade dos Usu\u00e1rios do servi\u00e7o Utapy (o \u201cUtapy\u201d), visa proteger as informa\u00e7\u00f5es pessoais aqui fornecidas e utiliz\u00e1-las conforme disposto na legisla\u00e7\u00e3o aplic\u00e1vel. Esta Pol\u00edtica de Privacidade informa as condi\u00e7\u00f5es para acesso [&hellip;]","og_url":"https:\/\/utapy.link\/s\/politica-de-privacidade\/","og_site_name":"Utapy","article_publisher":"https:\/\/www.facebook.com\/utapy.link\/","article_modified_time":"2021-06-24T15:04:03+00:00","twitter_card":"summary_large_image","twitter_misc":{"Est. tempo de leitura":"4 minutos"},"schema":{"@context":"https:\/\/schema.org","@graph":[{"@type":"WebSite","@id":"https:\/\/utapy.link\/s\/#website","url":"https:\/\/utapy.link\/s\/","name":"Utapy","description":"Todos os seus links em um \u00fanico link na bio","potentialAction":[{"@type":"SearchAction","target":{"@type":"EntryPoint","urlTemplate":"https:\/\/utapy.link\/s\/?s={search_term_string}"},"query-input":"required name=search_term_string"}],"inLanguage":"pt-BR"},{"@type":"WebPage","@id":"https:\/\/utapy.link\/s\/politica-de-privacidade\/#webpage","url":"https:\/\/utapy.link\/s\/politica-de-privacidade\/","name":"Pol\u00edtica de privacidade - Utapy","isPartOf":{"@id":"https:\/\/utapy.link\/s\/#website"},"datePublished":"2020-09-24T18:18:07+00:00","dateModified":"2021-06-24T15:04:03+00:00","breadcrumb":{"@id":"https:\/\/utapy.link\/s\/politica-de-privacidade\/#breadcrumb"},"inLanguage":"pt-BR","potentialAction":[{"@type":"ReadAction","target":["https:\/\/utapy.link\/s\/politica-de-privacidade\/"]}]},{"@type":"BreadcrumbList","@id":"https:\/\/utapy.link\/s\/politica-de-privacidade\/#breadcrumb","itemListElement":[{"@type":"ListItem","position":1,"name":"In\u00edcio","item":"https:\/\/utapy.link\/s\/"},{"@type":"ListItem","position":2,"name":"Pol\u00edtica de privacidade"}]}]}},"_links":{"self":[{"href":"https:\/\/utapy.link\/s\/wp-json\/wp\/v2\/pages\/3"}],"collection":[{"href":"https:\/\/utapy.link\/s\/wp-json\/wp\/v2\/pages"}],"about":[{"href":"https:\/\/utapy.link\/s\/wp-json\/wp\/v2\/types\/page"}],"author":[{"embeddable":true,"href":"https:\/\/utapy.link\/s\/wp-json\/wp\/v2\/users\/4"}],"replies":[{"embeddable":true,"href":"https:\/\/utapy.link\/s\/wp-json\/wp\/v2\/comments?post=3"}],"version-history":[{"count":4,"href":"https:\/\/utapy.link\/s\/wp-json\/wp\/v2\/pages\/3\/revisions"}],"predecessor-version":[{"id":921,"href":"https:\/\/utapy.link\/s\/wp-json\/wp\/v2\/pages\/3\/revisions\/921"}],"wp:attachment":[{"href":"https:\/\/utapy.link\/s\/wp-json\/wp\/v2\/media?parent=3"}],"curies":[{"name":"wp","href":"https:\/\/api.w.org\/{rel}","templated":true}]}}