{"id":793,"date":"2021-01-13T14:44:38","date_gmt":"2021-01-13T17:44:38","guid":{"rendered":"https:\/\/utapy.link\/s\/?page_id=793"},"modified":"2021-06-24T11:46:21","modified_gmt":"2021-06-24T14:46:21","slug":"denuncie","status":"publish","type":"page","link":"https:\/\/utapy.link\/s\/denuncie\/","title":{"rendered":"Denuncie!"},"content":{"rendered":"\n<div class=\"wp-block-columns\">\n<div class=\"wp-block-column\"><div id=\"anim-69e1979bea3f3\" class=\"wpbdmv-animation align-left renderer-svg\" style=\"max-width: 100%;\"><\/div>\n<\/div>\n\n\n\n<div class=\"wp-block-column\"><\/div>\n<\/div>\n\n\n\n<h3>Ajude-nos a identificar usu\u00e1rios mal intencionados.<\/h3>\n\n\n\n<p>Visualizou alguma p\u00e1gina em nosso servi\u00e7o que fa\u00e7a mal uso da ferramenta ou viole nossos <a href=\"https:\/\/utapy.link\/s\/termos-de-uso\/\">Termos de Uso<\/a> ou <a href=\"https:\/\/utapy.link\/s\/politica-de-privacidade\/\">Pol\u00edtica de Privacidade<\/a>? Preencha o formul\u00e1rio abaixo por favor que nossa equipe ir\u00e1 verificar o mais breve poss\u00edvel.<\/p>\n\n\n<div role=\"form\" class=\"wpcf7\" id=\"wpcf7-f792-o1\" lang=\"pt-BR\" dir=\"ltr\">\n<div class=\"screen-reader-response\"><p role=\"status\" aria-live=\"polite\" aria-atomic=\"true\"><\/p> <ul><\/ul><\/div>\n<form action=\"\/s\/wp-json\/wp\/v2\/pages\/793#wpcf7-f792-o1\" method=\"post\" class=\"wpcf7-form init\" novalidate=\"novalidate\" data-status=\"init\">\n<div style=\"display: none;\">\n<input type=\"hidden\" name=\"_wpcf7\" value=\"792\" \/>\n<input type=\"hidden\" name=\"_wpcf7_version\" value=\"5.4.1\" \/>\n<input type=\"hidden\" name=\"_wpcf7_locale\" value=\"pt_BR\" \/>\n<input type=\"hidden\" name=\"_wpcf7_unit_tag\" value=\"wpcf7-f792-o1\" \/>\n<input type=\"hidden\" name=\"_wpcf7_container_post\" value=\"0\" \/>\n<input type=\"hidden\" name=\"_wpcf7_posted_data_hash\" value=\"\" \/>\n<\/div>\n<p><label class=\"form-obr\"><span class=\"wpcf7-form-control-wrap your-name\"><input type=\"text\" name=\"your-name\" value=\"\" size=\"40\" class=\"wpcf7-form-control wpcf7-text wpcf7-validates-as-required\" aria-required=\"true\" aria-invalid=\"false\" placeholder=\"Nome\" \/><\/span> <\/label><\/p>\n<p><label class=\"form-obr\"><span class=\"wpcf7-form-control-wrap your-email\"><input type=\"email\" name=\"your-email\" value=\"\" size=\"40\" class=\"wpcf7-form-control wpcf7-text wpcf7-email wpcf7-validates-as-required wpcf7-validates-as-email\" aria-required=\"true\" aria-invalid=\"false\" placeholder=\"E-mail\" \/><\/span> <\/label><\/p>\n<p><label class=\"form-obr\"><span class=\"wpcf7-form-control-wrap url\"><input type=\"url\" name=\"url\" value=\"\" size=\"40\" class=\"wpcf7-form-control wpcf7-text wpcf7-url wpcf7-validates-as-required wpcf7-validates-as-url\" aria-required=\"true\" aria-invalid=\"false\" placeholder=\"URL da p\u00e1gina, ex: https:\/\/utapy.link\/XXX\" \/><\/span> <\/label><\/p>\n<p><label class=\"form-obr\"><span class=\"wpcf7-form-control-wrap your-message\"><textarea name=\"your-message\" cols=\"40\" rows=\"10\" class=\"wpcf7-form-control wpcf7-textarea wpcf7-validates-as-required\" aria-required=\"true\" aria-invalid=\"false\" placeholder=\"Mensagem\"><\/textarea><\/span> <\/label><\/p>\n<p><input type=\"submit\" value=\"Enviar\" class=\"wpcf7-form-control wpcf7-submit button\" id=\"fale_conosco_enviar\" \/><\/p>\n<div class=\"wpcf7-response-output\" aria-hidden=\"true\"><\/div><\/form><\/div>\n","protected":false},"excerpt":{"rendered":"<p>Ajude-nos a identificar usu\u00e1rios mal intencionados. Visualizou alguma p\u00e1gina em nosso servi\u00e7o que fa\u00e7a mal uso da ferramenta ou viole nossos Termos de Uso ou Pol\u00edtica de Privacidade? Preencha o formul\u00e1rio abaixo por favor que nossa equipe ir\u00e1 verificar o mais breve poss\u00edvel.<\/p>\n","protected":false},"author":3,"featured_media":0,"parent":0,"menu_order":0,"comment_status":"closed","ping_status":"closed","template":"","meta":[],"yoast_head":"<!-- This site is optimized with the Yoast SEO plugin v16.7 - https:\/\/yoast.com\/wordpress\/plugins\/seo\/ -->\r\n<title>Denuncie! - Utapy<\/title>\r\n<meta name=\"robots\" content=\"noindex, nofollow\" \/>\r\n<meta property=\"og:locale\" content=\"pt_BR\" \/>\r\n<meta property=\"og:type\" content=\"article\" \/>\r\n<meta property=\"og:title\" content=\"Denuncie! - Utapy\" \/>\r\n<meta property=\"og:description\" content=\"Ajude-nos a identificar usu\u00e1rios mal intencionados. Visualizou alguma p\u00e1gina em nosso servi\u00e7o que fa\u00e7a mal uso da ferramenta ou viole nossos Termos de Uso ou Pol\u00edtica de Privacidade? Preencha o formul\u00e1rio abaixo por favor que nossa equipe ir\u00e1 verificar o mais breve poss\u00edvel.\" \/>\r\n<meta property=\"og:url\" content=\"https:\/\/utapy.link\/s\/denuncie\/\" \/>\r\n<meta property=\"og:site_name\" content=\"Utapy\" \/>\r\n<meta property=\"article:publisher\" content=\"https:\/\/www.facebook.com\/utapy.link\/\" \/>\r\n<meta property=\"article:modified_time\" content=\"2021-06-24T14:46:21+00:00\" \/>\r\n<meta name=\"twitter:card\" content=\"summary_large_image\" \/>\r\n<meta name=\"twitter:label1\" content=\"Est. tempo de leitura\" \/>\n\t<meta name=\"twitter:data1\" content=\"1 minuto\" \/>\r\n<script type=\"application\/ld+json\" class=\"yoast-schema-graph\">{\"@context\":\"https:\/\/schema.org\",\"@graph\":[{\"@type\":\"WebSite\",\"@id\":\"https:\/\/utapy.link\/s\/#website\",\"url\":\"https:\/\/utapy.link\/s\/\",\"name\":\"Utapy\",\"description\":\"Todos os seus links em um \\u00fanico link na bio\",\"potentialAction\":[{\"@type\":\"SearchAction\",\"target\":{\"@type\":\"EntryPoint\",\"urlTemplate\":\"https:\/\/utapy.link\/s\/?s={search_term_string}\"},\"query-input\":\"required name=search_term_string\"}],\"inLanguage\":\"pt-BR\"},{\"@type\":\"WebPage\",\"@id\":\"https:\/\/utapy.link\/s\/denuncie\/#webpage\",\"url\":\"https:\/\/utapy.link\/s\/denuncie\/\",\"name\":\"Denuncie! - Utapy\",\"isPartOf\":{\"@id\":\"https:\/\/utapy.link\/s\/#website\"},\"datePublished\":\"2021-01-13T17:44:38+00:00\",\"dateModified\":\"2021-06-24T14:46:21+00:00\",\"breadcrumb\":{\"@id\":\"https:\/\/utapy.link\/s\/denuncie\/#breadcrumb\"},\"inLanguage\":\"pt-BR\",\"potentialAction\":[{\"@type\":\"ReadAction\",\"target\":[\"https:\/\/utapy.link\/s\/denuncie\/\"]}]},{\"@type\":\"BreadcrumbList\",\"@id\":\"https:\/\/utapy.link\/s\/denuncie\/#breadcrumb\",\"itemListElement\":[{\"@type\":\"ListItem\",\"position\":1,\"name\":\"In\\u00edcio\",\"item\":\"https:\/\/utapy.link\/s\/\"},{\"@type\":\"ListItem\",\"position\":2,\"name\":\"Denuncie!\"}]}]}<\/script>\r\n<!-- \/ Yoast SEO plugin. -->","yoast_head_json":{"title":"Denuncie! - Utapy","robots":{"index":"noindex","follow":"nofollow"},"og_locale":"pt_BR","og_type":"article","og_title":"Denuncie! - Utapy","og_description":"Ajude-nos a identificar usu\u00e1rios mal intencionados. Visualizou alguma p\u00e1gina em nosso servi\u00e7o que fa\u00e7a mal uso da ferramenta ou viole nossos Termos de Uso ou Pol\u00edtica de Privacidade? Preencha o formul\u00e1rio abaixo por favor que nossa equipe ir\u00e1 verificar o mais breve poss\u00edvel.","og_url":"https:\/\/utapy.link\/s\/denuncie\/","og_site_name":"Utapy","article_publisher":"https:\/\/www.facebook.com\/utapy.link\/","article_modified_time":"2021-06-24T14:46:21+00:00","twitter_card":"summary_large_image","twitter_misc":{"Est. tempo de leitura":"1 minuto"},"schema":{"@context":"https:\/\/schema.org","@graph":[{"@type":"WebSite","@id":"https:\/\/utapy.link\/s\/#website","url":"https:\/\/utapy.link\/s\/","name":"Utapy","description":"Todos os seus links em um \u00fanico link na bio","potentialAction":[{"@type":"SearchAction","target":{"@type":"EntryPoint","urlTemplate":"https:\/\/utapy.link\/s\/?s={search_term_string}"},"query-input":"required name=search_term_string"}],"inLanguage":"pt-BR"},{"@type":"WebPage","@id":"https:\/\/utapy.link\/s\/denuncie\/#webpage","url":"https:\/\/utapy.link\/s\/denuncie\/","name":"Denuncie! - Utapy","isPartOf":{"@id":"https:\/\/utapy.link\/s\/#website"},"datePublished":"2021-01-13T17:44:38+00:00","dateModified":"2021-06-24T14:46:21+00:00","breadcrumb":{"@id":"https:\/\/utapy.link\/s\/denuncie\/#breadcrumb"},"inLanguage":"pt-BR","potentialAction":[{"@type":"ReadAction","target":["https:\/\/utapy.link\/s\/denuncie\/"]}]},{"@type":"BreadcrumbList","@id":"https:\/\/utapy.link\/s\/denuncie\/#breadcrumb","itemListElement":[{"@type":"ListItem","position":1,"name":"In\u00edcio","item":"https:\/\/utapy.link\/s\/"},{"@type":"ListItem","position":2,"name":"Denuncie!"}]}]}},"_links":{"self":[{"href":"https:\/\/utapy.link\/s\/wp-json\/wp\/v2\/pages\/793"}],"collection":[{"href":"https:\/\/utapy.link\/s\/wp-json\/wp\/v2\/pages"}],"about":[{"href":"https:\/\/utapy.link\/s\/wp-json\/wp\/v2\/types\/page"}],"author":[{"embeddable":true,"href":"https:\/\/utapy.link\/s\/wp-json\/wp\/v2\/users\/3"}],"replies":[{"embeddable":true,"href":"https:\/\/utapy.link\/s\/wp-json\/wp\/v2\/comments?post=793"}],"version-history":[{"count":14,"href":"https:\/\/utapy.link\/s\/wp-json\/wp\/v2\/pages\/793\/revisions"}],"predecessor-version":[{"id":814,"href":"https:\/\/utapy.link\/s\/wp-json\/wp\/v2\/pages\/793\/revisions\/814"}],"wp:attachment":[{"href":"https:\/\/utapy.link\/s\/wp-json\/wp\/v2\/media?parent=793"}],"curies":[{"name":"wp","href":"https:\/\/api.w.org\/{rel}","templated":true}]}}